{"id":620,"date":"2021-07-21T09:30:53","date_gmt":"2021-07-21T07:30:53","guid":{"rendered":"http:\/\/www.abc4it.net\/cms\/?page_id=620"},"modified":"2025-01-22T10:26:08","modified_gmt":"2025-01-22T08:26:08","slug":"stellen","status":"publish","type":"page","link":"https:\/\/abc4it.ch\/cms\/stellen\/","title":{"rendered":"Stellen"},"content":{"rendered":"\t\t<div data-elementor-type=\"wp-page\" data-elementor-id=\"620\" class=\"elementor elementor-620\">\n\t\t\t\t\t\t<section class=\"elementor-section elementor-top-section elementor-element elementor-element-32cc0f5 elementor-section-full_width elementor-section-height-default elementor-section-height-default\" data-id=\"32cc0f5\" data-element_type=\"section\" data-settings=\"{&quot;background_background&quot;:&quot;gradient&quot;,&quot;shape_divider_bottom&quot;:&quot;curve&quot;}\">\n\t\t\t\t\t<div class=\"elementor-shape elementor-shape-bottom\" aria-hidden=\"true\" data-negative=\"false\">\n\t\t\t<svg xmlns=\"http:\/\/www.w3.org\/2000\/svg\" viewBox=\"0 0 1000 100\" preserveAspectRatio=\"none\">\n    <path class=\"elementor-shape-fill\" d=\"M1000,4.3V0H0v4.3C0.9,23.1,126.7,99.2,500,100S1000,22.7,1000,4.3z\"\/>\n<\/svg>\t\t<\/div>\n\t\t\t\t\t<div class=\"elementor-container elementor-column-gap-default\">\n\t\t\t\t\t<div class=\"elementor-column elementor-col-100 elementor-top-column elementor-element elementor-element-10528d8\" data-id=\"10528d8\" data-element_type=\"column\">\n\t\t\t<div class=\"elementor-widget-wrap elementor-element-populated\">\n\t\t\t\t\t\t<div class=\"elementor-element elementor-element-568f3ae elementor-widget elementor-widget-spacer\" data-id=\"568f3ae\" data-element_type=\"widget\" data-widget_type=\"spacer.default\">\n\t\t\t\t<div class=\"elementor-widget-container\">\n\t\t\t\t\t\t\t<div class=\"elementor-spacer\">\n\t\t\t<div class=\"elementor-spacer-inner\"><\/div>\n\t\t<\/div>\n\t\t\t\t\t\t<\/div>\n\t\t\t\t<\/div>\n\t\t\t\t<section class=\"elementor-section elementor-inner-section elementor-element elementor-element-c94ffd1 elementor-section-boxed elementor-section-height-default elementor-section-height-default\" data-id=\"c94ffd1\" data-element_type=\"section\">\n\t\t\t\t\t\t<div class=\"elementor-container elementor-column-gap-default\">\n\t\t\t\t\t<div class=\"elementor-column elementor-col-100 elementor-inner-column elementor-element elementor-element-c5c0beb\" data-id=\"c5c0beb\" data-element_type=\"column\">\n\t\t\t<div class=\"elementor-widget-wrap elementor-element-populated\">\n\t\t\t\t\t\t<div class=\"elementor-element elementor-element-7fdc3ae elementor-invisible elementor-widget elementor-widget-heading\" data-id=\"7fdc3ae\" data-element_type=\"widget\" data-settings=\"{&quot;_animation&quot;:&quot;slideInLeft&quot;}\" data-widget_type=\"heading.default\">\n\t\t\t\t<div class=\"elementor-widget-container\">\n\t\t\t\t\t<h1 class=\"elementor-heading-title elementor-size-default\">Stellen<\/h1>\t\t\t\t<\/div>\n\t\t\t\t<\/div>\n\t\t\t\t<div class=\"elementor-element elementor-element-2ee863f elementor-widget elementor-widget-text-editor\" data-id=\"2ee863f\" data-element_type=\"widget\" data-widget_type=\"text-editor.default\">\n\t\t\t\t<div class=\"elementor-widget-container\">\n\t\t\t\t\t\t\t\t\t<p style=\"text-align: center;\"><span style=\"color: #ffffff;\">Sie sind ein erfahrener Profi auf einem Gebiet? Sie glauben Sie k\u00f6nnten uns etwas bringen?<br \/>Senden Sie uns Ihre Bewerbung mit einem vollst\u00e4ndigen CV.<br \/><\/span><\/p>\t\t\t\t\t\t\t\t<\/div>\n\t\t\t\t<\/div>\n\t\t\t\t\t<\/div>\n\t\t<\/div>\n\t\t\t\t\t<\/div>\n\t\t<\/section>\n\t\t\t\t\t<\/div>\n\t\t<\/div>\n\t\t\t\t\t<\/div>\n\t\t<\/section>\n\t\t\t\t<section class=\"elementor-section elementor-top-section elementor-element elementor-element-4349ee2 elementor-section-boxed elementor-section-height-default elementor-section-height-default\" data-id=\"4349ee2\" data-element_type=\"section\">\n\t\t\t\t\t\t<div class=\"elementor-container elementor-column-gap-default\">\n\t\t\t\t\t<div class=\"elementor-column elementor-col-50 elementor-top-column elementor-element elementor-element-a46ae4e\" data-id=\"a46ae4e\" data-element_type=\"column\">\n\t\t\t<div class=\"elementor-widget-wrap elementor-element-populated\">\n\t\t\t\t\t\t<div class=\"elementor-element elementor-element-40a5868 elementor-widget elementor-widget-image\" data-id=\"40a5868\" data-element_type=\"widget\" data-widget_type=\"image.default\">\n\t\t\t\t<div class=\"elementor-widget-container\">\n\t\t\t\t\t\t\t\t\t\t\t\t\t\t\t<img fetchpriority=\"high\" decoding=\"async\" width=\"1024\" height=\"764\" src=\"https:\/\/abc4it.ch\/cms\/wp-content\/uploads\/2024\/11\/kblocks_prebuilt_42_support_1-min-1024x764-1.png\" class=\"attachment-large size-large wp-image-3853\" alt=\"\" srcset=\"https:\/\/abc4it.ch\/cms\/wp-content\/uploads\/2024\/11\/kblocks_prebuilt_42_support_1-min-1024x764-1.png 1024w, https:\/\/abc4it.ch\/cms\/wp-content\/uploads\/2024\/11\/kblocks_prebuilt_42_support_1-min-1024x764-1-300x224.png 300w, https:\/\/abc4it.ch\/cms\/wp-content\/uploads\/2024\/11\/kblocks_prebuilt_42_support_1-min-1024x764-1-768x573.png 768w\" sizes=\"(max-width: 1024px) 100vw, 1024px\" \/>\t\t\t\t\t\t\t\t\t\t\t\t\t\t\t<\/div>\n\t\t\t\t<\/div>\n\t\t\t\t\t<\/div>\n\t\t<\/div>\n\t\t\t\t<div class=\"elementor-column elementor-col-50 elementor-top-column elementor-element elementor-element-d21b67c\" data-id=\"d21b67c\" data-element_type=\"column\">\n\t\t\t<div class=\"elementor-widget-wrap elementor-element-populated\">\n\t\t\t\t\t\t<div class=\"elementor-element elementor-element-757e2df elementor-widget elementor-widget-text-editor\" data-id=\"757e2df\" data-element_type=\"widget\" data-widget_type=\"text-editor.default\">\n\t\t\t\t<div class=\"elementor-widget-container\">\n\t\t\t\t\t\t\t\t\t<h2 class=\"has-nv-dark-bg-color has-text-color wp-block-heading\">Wir suchen st\u00e4ndig Talente:<\/h2><div class=\"wp-block-kadence-iconlist kt-svg-icon-list-items kt-svg-icon-list-items_c30a2d-a6 kt-svg-icon-list-columns-1 alignnone\"><ul class=\"kt-svg-icon-list\"><li class=\"kt-svg-icon-list-style-default kt-svg-icon-list-item-wrap kt-svg-icon-list-item-0\"><span class=\"kt-svg-icon-list-text\">Web-Entwickler<\/span><\/li><li class=\"kt-svg-icon-list-style-default kt-svg-icon-list-item-wrap kt-svg-icon-list-item-1\"><span class=\"kt-svg-icon-list-text\">PC-Supporter<\/span><\/li><li class=\"kt-svg-icon-list-style-default kt-svg-icon-list-item-wrap kt-svg-icon-list-item-2\"><span class=\"kt-svg-icon-list-text\">IT-Service Verk\u00e4ufer<\/span><\/li><li class=\"kt-svg-icon-list-style-default kt-svg-icon-list-item-wrap kt-svg-icon-list-item-3\"><span class=\"kt-svg-icon-list-text\">Internet Verk\u00e4ufer<\/span><\/li><\/ul><\/div>\t\t\t\t\t\t\t\t<\/div>\n\t\t\t\t<\/div>\n\t\t\t\t\t<\/div>\n\t\t<\/div>\n\t\t\t\t\t<\/div>\n\t\t<\/section>\n\t\t\t\t<\/div>\n\t\t","protected":false},"excerpt":{"rendered":"<p>Stellen Sie sind ein erfahrener Profi auf einem Gebiet? Sie glauben Sie k\u00f6nnten uns etwas bringen?Senden Sie uns Ihre Bewerbung mit einem vollst\u00e4ndigen CV. Wir suchen st\u00e4ndig Talente: Web-Entwickler PC-Supporter IT-Service Verk\u00e4ufer Internet Verk\u00e4ufer<\/p>\n","protected":false},"author":1,"featured_media":0,"parent":0,"menu_order":0,"comment_status":"closed","ping_status":"closed","template":"page-templates\/template-pagebuilder-full-width.php","meta":{"_crdt_document":"","neve_meta_sidebar":"full-width","neve_meta_container":"","neve_meta_enable_content_width":"on","neve_meta_content_width":100,"neve_meta_title_alignment":"","neve_meta_author_avatar":"","neve_post_elements_order":"","neve_meta_disable_header":"","neve_meta_disable_footer":"","neve_meta_disable_title":"","iawp_total_views":17,"footnotes":""},"class_list":["post-620","page","type-page","status-publish","hentry"],"yoast_head":"<!-- This site is optimized with the Yoast SEO plugin v27.4 - https:\/\/yoast.com\/product\/yoast-seo-wordpress\/ -->\n<title>Jobs bei abc4IT \u2013 Werde Teil unseres Teams<\/title>\n<meta name=\"description\" content=\"Jobs bei abc4IT: Wir suchen Web-Entwickler, PC-Supporter, IT-Service-Verk\u00e4ufer und mehr. Bewirb dich jetzt und werde Teil unseres Teams!\" \/>\n<meta name=\"robots\" content=\"index, follow, max-snippet:-1, max-image-preview:large, max-video-preview:-1\" \/>\n<link rel=\"canonical\" href=\"https:\/\/abc4it.ch\/cms\/stellen\/\" \/>\n<meta property=\"og:locale\" content=\"de_DE\" \/>\n<meta property=\"og:type\" content=\"article\" \/>\n<meta property=\"og:title\" content=\"Jobs bei abc4IT \u2013 Werde Teil unseres Teams\" \/>\n<meta property=\"og:description\" content=\"Jobs bei abc4IT: Wir suchen Web-Entwickler, PC-Supporter, IT-Service-Verk\u00e4ufer und mehr. Bewirb dich jetzt und werde Teil unseres Teams!\" \/>\n<meta property=\"og:url\" content=\"https:\/\/abc4it.ch\/cms\/stellen\/\" \/>\n<meta property=\"og:site_name\" content=\"abc4it.ch\" \/>\n<meta property=\"article:modified_time\" content=\"2025-01-22T08:26:08+00:00\" \/>\n<meta property=\"og:image\" content=\"https:\/\/abc4it.ch\/cms\/wp-content\/uploads\/2024\/11\/kblocks_prebuilt_42_support_1-min-1024x764-1.png\" \/>\n\t<meta property=\"og:image:width\" content=\"1024\" \/>\n\t<meta property=\"og:image:height\" content=\"764\" \/>\n\t<meta property=\"og:image:type\" content=\"image\/png\" \/>\n<meta name=\"twitter:card\" content=\"summary_large_image\" \/>\n<meta name=\"twitter:label1\" content=\"Gesch\u00e4tzte Lesezeit\" \/>\n\t<meta name=\"twitter:data1\" content=\"1\u00a0Minute\" \/>\n<script type=\"application\/ld+json\" class=\"yoast-schema-graph\">{\"@context\":\"https:\\\/\\\/schema.org\",\"@graph\":[{\"@type\":\"WebPage\",\"@id\":\"https:\\\/\\\/abc4it.ch\\\/cms\\\/stellen\\\/\",\"url\":\"https:\\\/\\\/abc4it.ch\\\/cms\\\/stellen\\\/\",\"name\":\"Jobs bei abc4IT \u2013 Werde Teil unseres Teams\",\"isPartOf\":{\"@id\":\"https:\\\/\\\/abc4it.ch\\\/cms\\\/#website\"},\"primaryImageOfPage\":{\"@id\":\"https:\\\/\\\/abc4it.ch\\\/cms\\\/stellen\\\/#primaryimage\"},\"image\":{\"@id\":\"https:\\\/\\\/abc4it.ch\\\/cms\\\/stellen\\\/#primaryimage\"},\"thumbnailUrl\":\"https:\\\/\\\/abc4it.ch\\\/cms\\\/wp-content\\\/uploads\\\/2024\\\/11\\\/kblocks_prebuilt_42_support_1-min-1024x764-1.png\",\"datePublished\":\"2021-07-21T07:30:53+00:00\",\"dateModified\":\"2025-01-22T08:26:08+00:00\",\"description\":\"Jobs bei abc4IT: Wir suchen Web-Entwickler, PC-Supporter, IT-Service-Verk\u00e4ufer und mehr. Bewirb dich jetzt und werde Teil unseres Teams!\",\"inLanguage\":\"de\",\"potentialAction\":[{\"@type\":\"ReadAction\",\"target\":[\"https:\\\/\\\/abc4it.ch\\\/cms\\\/stellen\\\/\"]}]},{\"@type\":\"ImageObject\",\"inLanguage\":\"de\",\"@id\":\"https:\\\/\\\/abc4it.ch\\\/cms\\\/stellen\\\/#primaryimage\",\"url\":\"https:\\\/\\\/abc4it.ch\\\/cms\\\/wp-content\\\/uploads\\\/2024\\\/11\\\/kblocks_prebuilt_42_support_1-min-1024x764-1.png\",\"contentUrl\":\"https:\\\/\\\/abc4it.ch\\\/cms\\\/wp-content\\\/uploads\\\/2024\\\/11\\\/kblocks_prebuilt_42_support_1-min-1024x764-1.png\",\"width\":1024,\"height\":764},{\"@type\":\"WebSite\",\"@id\":\"https:\\\/\\\/abc4it.ch\\\/cms\\\/#website\",\"url\":\"https:\\\/\\\/abc4it.ch\\\/cms\\\/\",\"name\":\"abc4it.com\",\"description\":\"IT + Internet Service Provider\",\"publisher\":{\"@id\":\"https:\\\/\\\/abc4it.ch\\\/cms\\\/#organization\"},\"alternateName\":\"abc4IT GmbH\",\"potentialAction\":[{\"@type\":\"SearchAction\",\"target\":{\"@type\":\"EntryPoint\",\"urlTemplate\":\"https:\\\/\\\/abc4it.ch\\\/cms\\\/?s={search_term_string}\"},\"query-input\":{\"@type\":\"PropertyValueSpecification\",\"valueRequired\":true,\"valueName\":\"search_term_string\"}}],\"inLanguage\":\"de\"},{\"@type\":\"Organization\",\"@id\":\"https:\\\/\\\/abc4it.ch\\\/cms\\\/#organization\",\"name\":\"abc4IT GmbH\",\"alternateName\":\"abc4IT GmbH\",\"url\":\"https:\\\/\\\/abc4it.ch\\\/cms\\\/\",\"logo\":{\"@type\":\"ImageObject\",\"inLanguage\":\"de\",\"@id\":\"https:\\\/\\\/abc4it.ch\\\/cms\\\/#\\\/schema\\\/logo\\\/image\\\/\",\"url\":\"https:\\\/\\\/abc4it.ch\\\/cms\\\/wp-content\\\/uploads\\\/2021\\\/10\\\/abc4it_logo.png\",\"contentUrl\":\"https:\\\/\\\/abc4it.ch\\\/cms\\\/wp-content\\\/uploads\\\/2021\\\/10\\\/abc4it_logo.png\",\"width\":1878,\"height\":430,\"caption\":\"abc4IT GmbH\"},\"image\":{\"@id\":\"https:\\\/\\\/abc4it.ch\\\/cms\\\/#\\\/schema\\\/logo\\\/image\\\/\"}}]}<\/script>\n<!-- \/ Yoast SEO plugin. -->","yoast_head_json":{"title":"Jobs bei abc4IT \u2013 Werde Teil unseres Teams","description":"Jobs bei abc4IT: Wir suchen Web-Entwickler, PC-Supporter, IT-Service-Verk\u00e4ufer und mehr. Bewirb dich jetzt und werde Teil unseres Teams!","robots":{"index":"index","follow":"follow","max-snippet":"max-snippet:-1","max-image-preview":"max-image-preview:large","max-video-preview":"max-video-preview:-1"},"canonical":"https:\/\/abc4it.ch\/cms\/stellen\/","og_locale":"de_DE","og_type":"article","og_title":"Jobs bei abc4IT \u2013 Werde Teil unseres Teams","og_description":"Jobs bei abc4IT: Wir suchen Web-Entwickler, PC-Supporter, IT-Service-Verk\u00e4ufer und mehr. Bewirb dich jetzt und werde Teil unseres Teams!","og_url":"https:\/\/abc4it.ch\/cms\/stellen\/","og_site_name":"abc4it.ch","article_modified_time":"2025-01-22T08:26:08+00:00","og_image":[{"width":1024,"height":764,"url":"https:\/\/abc4it.ch\/cms\/wp-content\/uploads\/2024\/11\/kblocks_prebuilt_42_support_1-min-1024x764-1.png","type":"image\/png"}],"twitter_card":"summary_large_image","twitter_misc":{"Gesch\u00e4tzte Lesezeit":"1\u00a0Minute"},"schema":{"@context":"https:\/\/schema.org","@graph":[{"@type":"WebPage","@id":"https:\/\/abc4it.ch\/cms\/stellen\/","url":"https:\/\/abc4it.ch\/cms\/stellen\/","name":"Jobs bei abc4IT \u2013 Werde Teil unseres Teams","isPartOf":{"@id":"https:\/\/abc4it.ch\/cms\/#website"},"primaryImageOfPage":{"@id":"https:\/\/abc4it.ch\/cms\/stellen\/#primaryimage"},"image":{"@id":"https:\/\/abc4it.ch\/cms\/stellen\/#primaryimage"},"thumbnailUrl":"https:\/\/abc4it.ch\/cms\/wp-content\/uploads\/2024\/11\/kblocks_prebuilt_42_support_1-min-1024x764-1.png","datePublished":"2021-07-21T07:30:53+00:00","dateModified":"2025-01-22T08:26:08+00:00","description":"Jobs bei abc4IT: Wir suchen Web-Entwickler, PC-Supporter, IT-Service-Verk\u00e4ufer und mehr. Bewirb dich jetzt und werde Teil unseres Teams!","inLanguage":"de","potentialAction":[{"@type":"ReadAction","target":["https:\/\/abc4it.ch\/cms\/stellen\/"]}]},{"@type":"ImageObject","inLanguage":"de","@id":"https:\/\/abc4it.ch\/cms\/stellen\/#primaryimage","url":"https:\/\/abc4it.ch\/cms\/wp-content\/uploads\/2024\/11\/kblocks_prebuilt_42_support_1-min-1024x764-1.png","contentUrl":"https:\/\/abc4it.ch\/cms\/wp-content\/uploads\/2024\/11\/kblocks_prebuilt_42_support_1-min-1024x764-1.png","width":1024,"height":764},{"@type":"WebSite","@id":"https:\/\/abc4it.ch\/cms\/#website","url":"https:\/\/abc4it.ch\/cms\/","name":"abc4it.com","description":"IT + Internet Service Provider","publisher":{"@id":"https:\/\/abc4it.ch\/cms\/#organization"},"alternateName":"abc4IT GmbH","potentialAction":[{"@type":"SearchAction","target":{"@type":"EntryPoint","urlTemplate":"https:\/\/abc4it.ch\/cms\/?s={search_term_string}"},"query-input":{"@type":"PropertyValueSpecification","valueRequired":true,"valueName":"search_term_string"}}],"inLanguage":"de"},{"@type":"Organization","@id":"https:\/\/abc4it.ch\/cms\/#organization","name":"abc4IT GmbH","alternateName":"abc4IT GmbH","url":"https:\/\/abc4it.ch\/cms\/","logo":{"@type":"ImageObject","inLanguage":"de","@id":"https:\/\/abc4it.ch\/cms\/#\/schema\/logo\/image\/","url":"https:\/\/abc4it.ch\/cms\/wp-content\/uploads\/2021\/10\/abc4it_logo.png","contentUrl":"https:\/\/abc4it.ch\/cms\/wp-content\/uploads\/2021\/10\/abc4it_logo.png","width":1878,"height":430,"caption":"abc4IT GmbH"},"image":{"@id":"https:\/\/abc4it.ch\/cms\/#\/schema\/logo\/image\/"}}]}},"_links":{"self":[{"href":"https:\/\/abc4it.ch\/cms\/wp-json\/wp\/v2\/pages\/620","targetHints":{"allow":["GET"]}}],"collection":[{"href":"https:\/\/abc4it.ch\/cms\/wp-json\/wp\/v2\/pages"}],"about":[{"href":"https:\/\/abc4it.ch\/cms\/wp-json\/wp\/v2\/types\/page"}],"author":[{"embeddable":true,"href":"https:\/\/abc4it.ch\/cms\/wp-json\/wp\/v2\/users\/1"}],"replies":[{"embeddable":true,"href":"https:\/\/abc4it.ch\/cms\/wp-json\/wp\/v2\/comments?post=620"}],"version-history":[{"count":17,"href":"https:\/\/abc4it.ch\/cms\/wp-json\/wp\/v2\/pages\/620\/revisions"}],"predecessor-version":[{"id":4040,"href":"https:\/\/abc4it.ch\/cms\/wp-json\/wp\/v2\/pages\/620\/revisions\/4040"}],"wp:attachment":[{"href":"https:\/\/abc4it.ch\/cms\/wp-json\/wp\/v2\/media?parent=620"}],"curies":[{"name":"wp","href":"https:\/\/api.w.org\/{rel}","templated":true}]}}